{"id":448,"date":"2025-09-30T12:53:37","date_gmt":"2025-09-30T09:53:37","guid":{"rendered":"https:\/\/vst25mdwp.okuserveri.com\/?page_id=448"},"modified":"2025-10-07T09:33:00","modified_gmt":"2025-10-07T06:33:00","slug":"ota-yhteytta","status":"publish","type":"page","link":"https:\/\/vst25mdwp.okuserveri.com\/?page_id=448","title":{"rendered":"Ota yhteytt\u00e4"},"content":{"rendered":"\t\t<div data-elementor-type=\"wp-page\" data-elementor-id=\"448\" class=\"elementor elementor-448\">\n\t\t\t\t<div class=\"elementor-element elementor-element-584a252 e-flex e-con-boxed e-con e-parent\" data-id=\"584a252\" data-element_type=\"container\">\n\t\t\t\t\t<div class=\"e-con-inner\">\n\t\t\t\t<div class=\"elementor-element elementor-element-f8ae431 elementor-widget elementor-widget-heading\" data-id=\"f8ae431\" data-element_type=\"widget\" data-widget_type=\"heading.default\">\n\t\t\t\t\t<h2 class=\"elementor-heading-title elementor-size-default\">Ota yhteytt\u00e4 Puu Sepp\u00e4siin<\/h2>\t\t\t\t<\/div>\n\t\t\t\t\t<\/div>\n\t\t\t\t<\/div>\n\t\t<div class=\"elementor-element elementor-element-feff5dc e-flex e-con-boxed e-con e-parent\" data-id=\"feff5dc\" data-element_type=\"container\">\n\t\t\t\t\t<div class=\"e-con-inner\">\n\t\t\t\t<div class=\"elementor-element elementor-element-1531140 elementor-widget elementor-widget-text-editor\" data-id=\"1531140\" data-element_type=\"widget\" data-widget_type=\"text-editor.default\">\n\t\t\t\t\t\t\t\t\t<p data-start=\"150\" data-end=\"337\"><strong data-start=\"150\" data-end=\"169\">Puuusepp\u00e4set Oy<\/strong><br data-start=\"169\" data-end=\"172\" \/>Verkkosivusto: <a class=\"decorated-link cursor-pointer\" target=\"_new\" rel=\"noopener\" data-start=\"187\" data-end=\"206\">www.puuusepp\u00e4set.fi<\/a><br data-start=\"206\" data-end=\"209\" \/>S\u00e4hk\u00f6posti: info@puuusepp\u00e4set.fi<br data-start=\"241\" data-end=\"244\" \/>Puhelin: +358\u202f40\u202f123\u202f4567<br data-start=\"269\" data-end=\"272\" \/>Osoite: Puusep\u00e4ntie 5, 54100 Lappeenranta<br data-start=\"313\" data-end=\"316\" \/>Y-tunnus: 1234567\u20118<\/p><p data-start=\"339\" data-end=\"403\">Avoinna:<br data-start=\"347\" data-end=\"350\" \/>Ma\u2013Pe 8:00 \u2013 17:00<br data-start=\"368\" data-end=\"371\" \/>La 10:00 \u2013 14:00<br data-start=\"387\" data-end=\"390\" \/>Su suljettu<\/p>\t\t\t\t\t\t\t\t<\/div>\n\t\t\t\t\t<\/div>\n\t\t\t\t<\/div>\n\t\t\t\t<\/div>\n\t\t","protected":false},"excerpt":{"rendered":"<p>Ota yhteytt\u00e4 Puu Sepp\u00e4siin Puuusepp\u00e4set OyVerkkosivusto: www.puuusepp\u00e4set.fiS\u00e4hk\u00f6posti: info@puuusepp\u00e4set.fiPuhelin: +358\u202f40\u202f123\u202f4567Osoite: Puusep\u00e4ntie 5, 54100 LappeenrantaY-tunnus: 1234567\u20118 Avoinna:Ma\u2013Pe 8:00 \u2013 17:00La 10:00 \u2013 [&hellip;]<\/p>\n","protected":false},"author":1,"featured_media":0,"parent":0,"menu_order":0,"comment_status":"closed","ping_status":"closed","template":"","meta":{"site-sidebar-layout":"no-sidebar","site-content-layout":"","ast-site-content-layout":"full-width-container","site-content-style":"default","site-sidebar-style":"default","ast-global-header-display":"","ast-banner-title-visibility":"","ast-main-header-display":"","ast-hfb-above-header-display":"","ast-hfb-below-header-display":"","ast-hfb-mobile-header-display":"","site-post-title":"","ast-breadcrumbs-content":"","ast-featured-img":"disabled","footer-sml-layout":"","theme-transparent-header-meta":"","adv-header-id-meta":"","stick-header-meta":"","header-above-stick-meta":"","header-main-stick-meta":"","header-below-stick-meta":"","astra-migrate-meta-layouts":"default","ast-page-background-enabled":"default","ast-page-background-meta":{"desktop":{"background-color":"var(--ast-global-color-5)","background-image":"","background-repeat":"repeat","background-position":"center center","background-size":"auto","background-attachment":"scroll","background-type":"","background-media":"","overlay-type":"","overlay-color":"","overlay-opacity":"","overlay-gradient":""},"tablet":{"background-color":"","background-image":"","background-repeat":"repeat","background-position":"center center","background-size":"auto","background-attachment":"scroll","background-type":"","background-media":"","overlay-type":"","overlay-color":"","overlay-opacity":"","overlay-gradient":""},"mobile":{"background-color":"","background-image":"","background-repeat":"repeat","background-position":"center center","background-size":"auto","background-attachment":"scroll","background-type":"","background-media":"","overlay-type":"","overlay-color":"","overlay-opacity":"","overlay-gradient":""}},"ast-content-background-meta":{"desktop":{"background-color":"var(--ast-global-color-4)","background-image":"","background-repeat":"repeat","background-position":"center center","background-size":"auto","background-attachment":"scroll","background-type":"","background-media":"","overlay-type":"","overlay-color":"","overlay-opacity":"","overlay-gradient":""},"tablet":{"background-color":"var(--ast-global-color-4)","background-image":"","background-repeat":"repeat","background-position":"center center","background-size":"auto","background-attachment":"scroll","background-type":"","background-media":"","overlay-type":"","overlay-color":"","overlay-opacity":"","overlay-gradient":""},"mobile":{"background-color":"var(--ast-global-color-4)","background-image":"","background-repeat":"repeat","background-position":"center center","background-size":"auto","background-attachment":"scroll","background-type":"","background-media":"","overlay-type":"","overlay-color":"","overlay-opacity":"","overlay-gradient":""}},"footnotes":""},"class_list":["post-448","page","type-page","status-publish","hentry"],"yoast_head":"<!-- This site is optimized with the Yoast SEO plugin v26.0 - https:\/\/yoast.com\/wordpress\/plugins\/seo\/ -->\n<title>Ota yhteytt\u00e4 - Suklaatehdas<\/title>\n<meta name=\"robots\" content=\"index, follow, max-snippet:-1, max-image-preview:large, max-video-preview:-1\" \/>\n<link rel=\"canonical\" href=\"https:\/\/vst25mdwp.okuserveri.com\/?page_id=448\" \/>\n<meta property=\"og:locale\" content=\"fi_FI\" \/>\n<meta property=\"og:type\" content=\"article\" \/>\n<meta property=\"og:title\" content=\"Ota yhteytt\u00e4 - Suklaatehdas\" \/>\n<meta property=\"og:description\" content=\"Ota yhteytt\u00e4 Puu Sepp\u00e4siin Puuusepp\u00e4set OyVerkkosivusto: www.puuusepp\u00e4set.fiS\u00e4hk\u00f6posti: info@puuusepp\u00e4set.fiPuhelin: +358\u202f40\u202f123\u202f4567Osoite: Puusep\u00e4ntie 5, 54100 LappeenrantaY-tunnus: 1234567\u20118 Avoinna:Ma\u2013Pe 8:00 \u2013 17:00La 10:00 \u2013 [&hellip;]\" \/>\n<meta property=\"og:url\" content=\"https:\/\/vst25mdwp.okuserveri.com\/?page_id=448\" \/>\n<meta property=\"og:site_name\" content=\"Suklaatehdas\" \/>\n<meta property=\"article:modified_time\" content=\"2025-10-07T06:33:00+00:00\" \/>\n<meta name=\"twitter:card\" content=\"summary_large_image\" \/>\n<meta name=\"twitter:label1\" content=\"Arvioitu lukuaika\" \/>\n\t<meta name=\"twitter:data1\" content=\"1 minuutti\" \/>\n<script type=\"application\/ld+json\" class=\"yoast-schema-graph\">{\"@context\":\"https:\/\/schema.org\",\"@graph\":[{\"@type\":\"WebPage\",\"@id\":\"https:\/\/vst25mdwp.okuserveri.com\/?page_id=448\",\"url\":\"https:\/\/vst25mdwp.okuserveri.com\/?page_id=448\",\"name\":\"Ota yhteytt\u00e4 - Suklaatehdas\",\"isPartOf\":{\"@id\":\"https:\/\/vst25mdwp.okuserveri.com\/#website\"},\"datePublished\":\"2025-09-30T09:53:37+00:00\",\"dateModified\":\"2025-10-07T06:33:00+00:00\",\"breadcrumb\":{\"@id\":\"https:\/\/vst25mdwp.okuserveri.com\/?page_id=448#breadcrumb\"},\"inLanguage\":\"fi\",\"potentialAction\":[{\"@type\":\"ReadAction\",\"target\":[\"https:\/\/vst25mdwp.okuserveri.com\/?page_id=448\"]}]},{\"@type\":\"BreadcrumbList\",\"@id\":\"https:\/\/vst25mdwp.okuserveri.com\/?page_id=448#breadcrumb\",\"itemListElement\":[{\"@type\":\"ListItem\",\"position\":1,\"name\":\"Etusivu\",\"item\":\"https:\/\/vst25mdwp.okuserveri.com\/\"},{\"@type\":\"ListItem\",\"position\":2,\"name\":\"Ota yhteytt\u00e4\"}]},{\"@type\":\"WebSite\",\"@id\":\"https:\/\/vst25mdwp.okuserveri.com\/#website\",\"url\":\"https:\/\/vst25mdwp.okuserveri.com\/\",\"name\":\"Suklaatehdas\",\"description\":\"\",\"publisher\":{\"@id\":\"https:\/\/vst25mdwp.okuserveri.com\/#organization\"},\"potentialAction\":[{\"@type\":\"SearchAction\",\"target\":{\"@type\":\"EntryPoint\",\"urlTemplate\":\"https:\/\/vst25mdwp.okuserveri.com\/?s={search_term_string}\"},\"query-input\":{\"@type\":\"PropertyValueSpecification\",\"valueRequired\":true,\"valueName\":\"search_term_string\"}}],\"inLanguage\":\"fi\"},{\"@type\":\"Organization\",\"@id\":\"https:\/\/vst25mdwp.okuserveri.com\/#organization\",\"name\":\"Suklaatehdas\",\"url\":\"https:\/\/vst25mdwp.okuserveri.com\/\",\"logo\":{\"@type\":\"ImageObject\",\"inLanguage\":\"fi\",\"@id\":\"https:\/\/vst25mdwp.okuserveri.com\/#\/schema\/logo\/image\/\",\"url\":\"https:\/\/vst25mdwp.okuserveri.com\/wp-content\/uploads\/2025\/10\/cropped-suklaa-copy.png\",\"contentUrl\":\"https:\/\/vst25mdwp.okuserveri.com\/wp-content\/uploads\/2025\/10\/cropped-suklaa-copy.png\",\"width\":1889,\"height\":797,\"caption\":\"Suklaatehdas\"},\"image\":{\"@id\":\"https:\/\/vst25mdwp.okuserveri.com\/#\/schema\/logo\/image\/\"}}]}<\/script>\n<!-- \/ Yoast SEO plugin. -->","yoast_head_json":{"title":"Ota yhteytt\u00e4 - Suklaatehdas","robots":{"index":"index","follow":"follow","max-snippet":"max-snippet:-1","max-image-preview":"max-image-preview:large","max-video-preview":"max-video-preview:-1"},"canonical":"https:\/\/vst25mdwp.okuserveri.com\/?page_id=448","og_locale":"fi_FI","og_type":"article","og_title":"Ota yhteytt\u00e4 - Suklaatehdas","og_description":"Ota yhteytt\u00e4 Puu Sepp\u00e4siin Puuusepp\u00e4set OyVerkkosivusto: www.puuusepp\u00e4set.fiS\u00e4hk\u00f6posti: info@puuusepp\u00e4set.fiPuhelin: +358\u202f40\u202f123\u202f4567Osoite: Puusep\u00e4ntie 5, 54100 LappeenrantaY-tunnus: 1234567\u20118 Avoinna:Ma\u2013Pe 8:00 \u2013 17:00La 10:00 \u2013 [&hellip;]","og_url":"https:\/\/vst25mdwp.okuserveri.com\/?page_id=448","og_site_name":"Suklaatehdas","article_modified_time":"2025-10-07T06:33:00+00:00","twitter_card":"summary_large_image","twitter_misc":{"Arvioitu lukuaika":"1 minuutti"},"schema":{"@context":"https:\/\/schema.org","@graph":[{"@type":"WebPage","@id":"https:\/\/vst25mdwp.okuserveri.com\/?page_id=448","url":"https:\/\/vst25mdwp.okuserveri.com\/?page_id=448","name":"Ota yhteytt\u00e4 - Suklaatehdas","isPartOf":{"@id":"https:\/\/vst25mdwp.okuserveri.com\/#website"},"datePublished":"2025-09-30T09:53:37+00:00","dateModified":"2025-10-07T06:33:00+00:00","breadcrumb":{"@id":"https:\/\/vst25mdwp.okuserveri.com\/?page_id=448#breadcrumb"},"inLanguage":"fi","potentialAction":[{"@type":"ReadAction","target":["https:\/\/vst25mdwp.okuserveri.com\/?page_id=448"]}]},{"@type":"BreadcrumbList","@id":"https:\/\/vst25mdwp.okuserveri.com\/?page_id=448#breadcrumb","itemListElement":[{"@type":"ListItem","position":1,"name":"Etusivu","item":"https:\/\/vst25mdwp.okuserveri.com\/"},{"@type":"ListItem","position":2,"name":"Ota yhteytt\u00e4"}]},{"@type":"WebSite","@id":"https:\/\/vst25mdwp.okuserveri.com\/#website","url":"https:\/\/vst25mdwp.okuserveri.com\/","name":"Suklaatehdas","description":"","publisher":{"@id":"https:\/\/vst25mdwp.okuserveri.com\/#organization"},"potentialAction":[{"@type":"SearchAction","target":{"@type":"EntryPoint","urlTemplate":"https:\/\/vst25mdwp.okuserveri.com\/?s={search_term_string}"},"query-input":{"@type":"PropertyValueSpecification","valueRequired":true,"valueName":"search_term_string"}}],"inLanguage":"fi"},{"@type":"Organization","@id":"https:\/\/vst25mdwp.okuserveri.com\/#organization","name":"Suklaatehdas","url":"https:\/\/vst25mdwp.okuserveri.com\/","logo":{"@type":"ImageObject","inLanguage":"fi","@id":"https:\/\/vst25mdwp.okuserveri.com\/#\/schema\/logo\/image\/","url":"https:\/\/vst25mdwp.okuserveri.com\/wp-content\/uploads\/2025\/10\/cropped-suklaa-copy.png","contentUrl":"https:\/\/vst25mdwp.okuserveri.com\/wp-content\/uploads\/2025\/10\/cropped-suklaa-copy.png","width":1889,"height":797,"caption":"Suklaatehdas"},"image":{"@id":"https:\/\/vst25mdwp.okuserveri.com\/#\/schema\/logo\/image\/"}}]}},"_links":{"self":[{"href":"https:\/\/vst25mdwp.okuserveri.com\/index.php?rest_route=\/wp\/v2\/pages\/448","targetHints":{"allow":["GET"]}}],"collection":[{"href":"https:\/\/vst25mdwp.okuserveri.com\/index.php?rest_route=\/wp\/v2\/pages"}],"about":[{"href":"https:\/\/vst25mdwp.okuserveri.com\/index.php?rest_route=\/wp\/v2\/types\/page"}],"author":[{"embeddable":true,"href":"https:\/\/vst25mdwp.okuserveri.com\/index.php?rest_route=\/wp\/v2\/users\/1"}],"replies":[{"embeddable":true,"href":"https:\/\/vst25mdwp.okuserveri.com\/index.php?rest_route=%2Fwp%2Fv2%2Fcomments&post=448"}],"version-history":[{"count":5,"href":"https:\/\/vst25mdwp.okuserveri.com\/index.php?rest_route=\/wp\/v2\/pages\/448\/revisions"}],"predecessor-version":[{"id":566,"href":"https:\/\/vst25mdwp.okuserveri.com\/index.php?rest_route=\/wp\/v2\/pages\/448\/revisions\/566"}],"wp:attachment":[{"href":"https:\/\/vst25mdwp.okuserveri.com\/index.php?rest_route=%2Fwp%2Fv2%2Fmedia&parent=448"}],"curies":[{"name":"wp","href":"https:\/\/api.w.org\/{rel}","templated":true}]}}