{"id":580,"date":"2025-10-10T10:33:44","date_gmt":"2025-10-10T07:33:44","guid":{"rendered":"https:\/\/vst25mdwp.okuserveri.com\/?page_id=580"},"modified":"2025-10-10T12:42:30","modified_gmt":"2025-10-10T09:42:30","slug":"suklaatehdas","status":"publish","type":"page","link":"https:\/\/vst25mdwp.okuserveri.com\/","title":{"rendered":"Suklaatehdas"},"content":{"rendered":"\t\t<div data-elementor-type=\"wp-page\" data-elementor-id=\"580\" class=\"elementor elementor-580\">\n\t\t\t\t<div class=\"elementor-element elementor-element-1e9452d e-flex e-con-boxed e-con e-parent\" data-id=\"1e9452d\" data-element_type=\"container\">\n\t\t\t\t\t<div class=\"e-con-inner\">\n\t\t\t\t<div class=\"elementor-element elementor-element-9543e72 elementor-widget elementor-widget-video\" data-id=\"9543e72\" data-element_type=\"widget\" data-settings=\"{&quot;video_type&quot;:&quot;hosted&quot;,&quot;mute&quot;:&quot;yes&quot;}\" data-widget_type=\"video.default\">\n\t\t\t\t\t\t\t<div class=\"e-hosted-video elementor-wrapper elementor-open-inline\">\n\t\t\t\t\t<video class=\"elementor-video\" src=\"https:\/\/vst25mdwp.okuserveri.com\/wp-content\/uploads\/2025\/10\/62051-502737598.mp4\" preload=\"metadata\" muted=\"muted\" controlsList=\"nodownload\"><\/video>\n\t\t\t\t<\/div>\n\t\t\t\t\t\t<\/div>\n\t\t<div class=\"elementor-element elementor-element-74e706b e-con-full e-flex e-con e-child\" data-id=\"74e706b\" data-element_type=\"container\">\n\t\t\t\t<div class=\"elementor-element elementor-element-802e595 elementor-widget elementor-widget-heading\" data-id=\"802e595\" data-element_type=\"widget\" data-widget_type=\"heading.default\">\n\t\t\t\t\t<h1 class=\"elementor-heading-title elementor-size-default\">Suklaa on makea herkku,<br> jota valmistetaan kaakaopavuista. <br>Se on suosittu ymp\u00e4ri maailmaa,<br>sek\u00e4 makeisena ett\u00e4 leivonnassa.<\/h1>\t\t\t\t<\/div>\n\t\t\t\t<div class=\"elementor-element elementor-element-942e9b9 elementor-absolute elementor-view-default elementor-widget elementor-widget-icon\" data-id=\"942e9b9\" data-element_type=\"widget\" data-settings=\"{&quot;_position&quot;:&quot;absolute&quot;}\" data-widget_type=\"icon.default\">\n\t\t\t\t\t\t\t<div class=\"elementor-icon-wrapper\">\n\t\t\t<div class=\"elementor-icon\">\n\t\t\t<svg aria-hidden=\"true\" class=\"e-font-icon-svg e-fas-star\" viewBox=\"0 0 576 512\" xmlns=\"http:\/\/www.w3.org\/2000\/svg\"><path d=\"M259.3 17.8L194 150.2 47.9 171.5c-26.2 3.8-36.7 36.1-17.7 54.6l105.7 103-25 145.5c-4.5 26.3 23.2 46 46.4 33.7L288 439.6l130.7 68.7c23.2 12.2 50.9-7.4 46.4-33.7l-25-145.5 105.7-103c19-18.5 8.5-50.8-17.7-54.6L382 150.2 316.7 17.8c-11.7-23.6-45.6-23.9-57.4 0z\"><\/path><\/svg>\t\t\t<\/div>\n\t\t<\/div>\n\t\t\t\t\t\t<\/div>\n\t\t\t\t<div class=\"elementor-element elementor-element-f572042 elementor-absolute elementor-widget elementor-widget-text-editor\" data-id=\"f572042\" data-element_type=\"widget\" data-settings=\"{&quot;_position&quot;:&quot;absolute&quot;}\" data-widget_type=\"text-editor.default\">\n\t\t\t\t\t\t\t\t\t<p>Suklaa on monelle arjen pieni nautinto. Se voi tuoda lohtua, iloa tai vain hetken heng\u00e4hdyksen kiireen keskell\u00e4. Erityisesti tumma suklaa sis\u00e4lt\u00e4\u00e4 antioksidantteja, jotka voivat olla hyv\u00e4ksi terveydelle. Kaikki suklaa ei kuitenkaan ole yht\u00e4 terveellist\u00e4 \u2013 monet tuotteet sis\u00e4lt\u00e4v\u00e4t runsaasti sokeria ja rasvaa. Suklaan sy\u00f6minen kohtuudella onkin t\u00e4rke\u00e4\u00e4.<\/p>\t\t\t\t\t\t\t\t<\/div>\n\t\t\t\t<div class=\"elementor-element elementor-element-86611ff elementor-widget elementor-widget-button\" data-id=\"86611ff\" data-element_type=\"widget\" data-widget_type=\"button.default\">\n\t\t\t\t\t\t\t\t\t\t<a class=\"elementor-button elementor-button-link elementor-size-sm\" href=\"#\">\n\t\t\t\t\t\t<span class=\"elementor-button-content-wrapper\">\n\t\t\t\t\t\t<span class=\"elementor-button-icon\">\n\t\t\t\t<svg aria-hidden=\"true\" class=\"e-font-icon-svg e-far-arrow-alt-circle-right\" viewBox=\"0 0 512 512\" xmlns=\"http:\/\/www.w3.org\/2000\/svg\"><path d=\"M504 256C504 119 393 8 256 8S8 119 8 256s111 248 248 248 248-111 248-248zm-448 0c0-110.5 89.5-200 200-200s200 89.5 200 200-89.5 200-200 200S56 366.5 56 256zm72 20v-40c0-6.6 5.4-12 12-12h116v-67c0-10.7 12.9-16 20.5-8.5l99 99c4.7 4.7 4.7 12.3 0 17l-99 99c-7.6 7.6-20.5 2.2-20.5-8.5v-67H140c-6.6 0-12-5.4-12-12z\"><\/path><\/svg>\t\t\t<\/span>\n\t\t\t\t\t\t\t\t\t<span class=\"elementor-button-text\">Osta<\/span>\n\t\t\t\t\t<\/span>\n\t\t\t\t\t<\/a>\n\t\t\t\t\t\t\t\t<\/div>\n\t\t\t\t<\/div>\n\t\t\t\t\t<\/div>\n\t\t\t\t<\/div>\n\t\t<a class=\"elementor-element elementor-element-726f277 e-flex e-con-boxed e-con e-parent\" data-id=\"726f277\" data-element_type=\"container\" href=\"\">\n\t\t\t\t\t<div class=\"e-con-inner\">\n\t\t\t\t<div class=\"elementor-element elementor-element-2dccb4e elementor-widget elementor-widget-html\" data-id=\"2dccb4e\" data-element_type=\"widget\" data-widget_type=\"html.default\">\n\t\t\t\t\t<script data-minify=\"1\" src=\"https:\/\/nicolaipalmkvist.com\/wp-content\/cache\/min\/1\/ajax\/libs\/jquery\/3.7.1\/jquery.js?ver=1759923554\"><\/script>\n<script data-minify=\"1\" src=\"https:\/\/nicolaipalmkvist.com\/wp-content\/cache\/min\/1\/ajax\/libs\/gsap\/3.4.0\/gsap.min.js?ver=1759923554\"><\/script>\n<script data-minify=\"1\" src=\"https:\/\/nicolaipalmkvist.com\/wp-content\/cache\/min\/1\/ajax\/libs\/gsap\/3.3.3\/ScrollTrigger.min.js?ver=1759923554\"><\/script>\n\n<script>\n$( document ).ready(function() {\n    console.clear();\n    $('video').addClass('video-background');\n\n\n\nconst video = document.querySelector(\".video-background\");\nlet src = video.currentSrc || video.src;\nconsole.log(video, src);\n\n\/* Make sure the video is 'activated' on iOS *\/\nfunction once(el, event, fn, opts) {\n  var onceFn = function (e) {\n    el.removeEventListener(event, onceFn);\n    fn.apply(this, arguments);\n  };\n  el.addEventListener(event, onceFn, opts);\n  return onceFn;\n}\n\nonce(document.documentElement, \"touchstart\", function (e) {\n  video.play();\n  video.pause();\n});\n\ngsap.registerPlugin(ScrollTrigger);\n\nlet tl = gsap.timeline({\n  defaults: { duration: 1 },\n  scrollTrigger: {\n    trigger: \"#container\",\n    start: \"top top\",\n    end: \"bottom bottom\",\n    scrub: true\n  }\n});\n\nonce(video, \"loadedmetadata\", () => {\n  tl.fromTo(\n    video,\n    {\n      currentTime: 0\n    },\n    {\n      currentTime: video.duration || 1\n    }\n  );\n});\n\n\/*!\n     * \u00a9 This code was written by Nicolai Palmkvist.\n     * For more information, visit my Elementor Youtube channel: https:\/\/www.youtube.com\/@nicopalmkvist\n     *\/\n\nsetTimeout(function () {\n  if (window[\"fetch\"]) {\n    fetch(src)\n      .then((response) => response.blob())\n      .then((response) => {\n        var blobURL = URL.createObjectURL(response);\n\n        var t = video.currentTime;\n        once(document.documentElement, \"touchstart\", function (e) {\n          video.play();\n          video.pause();\n        });\n\n        video.setAttribute(\"src\", blobURL);\n        video.currentTime = t + 0.01;\n      });\n  }\n}, 1000);\n});\n\n<\/script>\t\t\t\t<\/div>\n\t\t\t\t\t<\/div>\n\t\t\t\t<\/a>\n\t\t\t\t<\/div>\n\t\t","protected":false},"excerpt":{"rendered":"<p>https:\/\/vst25mdwp.okuserveri.com\/wp-content\/uploads\/2025\/10\/62051-502737598.mp4 Suklaa on makea herkku, jota valmistetaan kaakaopavuista. Se on suosittu ymp\u00e4ri maailmaa,sek\u00e4 makeisena ett\u00e4 leivonnassa. Suklaa on monelle arjen [&hellip;]<\/p>\n","protected":false},"author":1,"featured_media":0,"parent":0,"menu_order":0,"comment_status":"closed","ping_status":"closed","template":"","meta":{"site-sidebar-layout":"no-sidebar","site-content-layout":"","ast-site-content-layout":"full-width-container","site-content-style":"default","site-sidebar-style":"default","ast-global-header-display":"","ast-banner-title-visibility":"","ast-main-header-display":"","ast-hfb-above-header-display":"","ast-hfb-below-header-display":"","ast-hfb-mobile-header-display":"","site-post-title":"","ast-breadcrumbs-content":"","ast-featured-img":"disabled","footer-sml-layout":"","theme-transparent-header-meta":"","adv-header-id-meta":"","stick-header-meta":"","header-above-stick-meta":"","header-main-stick-meta":"","header-below-stick-meta":"","astra-migrate-meta-layouts":"default","ast-page-background-enabled":"default","ast-page-background-meta":{"desktop":{"background-color":"var(--ast-global-color-5)","background-image":"","background-repeat":"repeat","background-position":"center center","background-size":"auto","background-attachment":"scroll","background-type":"","background-media":"","overlay-type":"","overlay-color":"","overlay-opacity":"","overlay-gradient":""},"tablet":{"background-color":"","background-image":"","background-repeat":"repeat","background-position":"center center","background-size":"auto","background-attachment":"scroll","background-type":"","background-media":"","overlay-type":"","overlay-color":"","overlay-opacity":"","overlay-gradient":""},"mobile":{"background-color":"","background-image":"","background-repeat":"repeat","background-position":"center center","background-size":"auto","background-attachment":"scroll","background-type":"","background-media":"","overlay-type":"","overlay-color":"","overlay-opacity":"","overlay-gradient":""}},"ast-content-background-meta":{"desktop":{"background-color":"var(--ast-global-color-4)","background-image":"","background-repeat":"repeat","background-position":"center center","background-size":"auto","background-attachment":"scroll","background-type":"","background-media":"","overlay-type":"","overlay-color":"","overlay-opacity":"","overlay-gradient":""},"tablet":{"background-color":"var(--ast-global-color-4)","background-image":"","background-repeat":"repeat","background-position":"center center","background-size":"auto","background-attachment":"scroll","background-type":"","background-media":"","overlay-type":"","overlay-color":"","overlay-opacity":"","overlay-gradient":""},"mobile":{"background-color":"var(--ast-global-color-4)","background-image":"","background-repeat":"repeat","background-position":"center center","background-size":"auto","background-attachment":"scroll","background-type":"","background-media":"","overlay-type":"","overlay-color":"","overlay-opacity":"","overlay-gradient":""}},"footnotes":""},"class_list":["post-580","page","type-page","status-publish","hentry"],"yoast_head":"<!-- This site is optimized with the Yoast SEO plugin v26.0 - https:\/\/yoast.com\/wordpress\/plugins\/seo\/ -->\n<title>Suklaatehdas - Suklaatehdas<\/title>\n<meta name=\"robots\" content=\"index, follow, max-snippet:-1, max-image-preview:large, max-video-preview:-1\" \/>\n<link rel=\"canonical\" href=\"https:\/\/vst25mdwp.okuserveri.com\/\" \/>\n<meta property=\"og:locale\" content=\"fi_FI\" \/>\n<meta property=\"og:type\" content=\"article\" \/>\n<meta property=\"og:title\" content=\"Suklaatehdas - Suklaatehdas\" \/>\n<meta property=\"og:description\" content=\"https:\/\/vst25mdwp.okuserveri.com\/wp-content\/uploads\/2025\/10\/62051-502737598.mp4 Suklaa on makea herkku, jota valmistetaan kaakaopavuista. Se on suosittu ymp\u00e4ri maailmaa,sek\u00e4 makeisena ett\u00e4 leivonnassa. Suklaa on monelle arjen [&hellip;]\" \/>\n<meta property=\"og:url\" content=\"https:\/\/vst25mdwp.okuserveri.com\/\" \/>\n<meta property=\"og:site_name\" content=\"Suklaatehdas\" \/>\n<meta property=\"article:modified_time\" content=\"2025-10-10T09:42:30+00:00\" \/>\n<meta name=\"twitter:card\" content=\"summary_large_image\" \/>\n<meta name=\"twitter:label1\" content=\"Arvioitu lukuaika\" \/>\n\t<meta name=\"twitter:data1\" content=\"2 minuuttia\" \/>\n<script type=\"application\/ld+json\" class=\"yoast-schema-graph\">{\"@context\":\"https:\/\/schema.org\",\"@graph\":[{\"@type\":\"WebPage\",\"@id\":\"https:\/\/vst25mdwp.okuserveri.com\/\",\"url\":\"https:\/\/vst25mdwp.okuserveri.com\/\",\"name\":\"Suklaatehdas - Suklaatehdas\",\"isPartOf\":{\"@id\":\"https:\/\/vst25mdwp.okuserveri.com\/#website\"},\"datePublished\":\"2025-10-10T07:33:44+00:00\",\"dateModified\":\"2025-10-10T09:42:30+00:00\",\"breadcrumb\":{\"@id\":\"https:\/\/vst25mdwp.okuserveri.com\/#breadcrumb\"},\"inLanguage\":\"fi\",\"potentialAction\":[{\"@type\":\"ReadAction\",\"target\":[\"https:\/\/vst25mdwp.okuserveri.com\/\"]}]},{\"@type\":\"BreadcrumbList\",\"@id\":\"https:\/\/vst25mdwp.okuserveri.com\/#breadcrumb\",\"itemListElement\":[{\"@type\":\"ListItem\",\"position\":1,\"name\":\"Etusivu\",\"item\":\"https:\/\/vst25mdwp.okuserveri.com\/\"},{\"@type\":\"ListItem\",\"position\":2,\"name\":\"Suklaatehdas\"}]},{\"@type\":\"WebSite\",\"@id\":\"https:\/\/vst25mdwp.okuserveri.com\/#website\",\"url\":\"https:\/\/vst25mdwp.okuserveri.com\/\",\"name\":\"Suklaatehdas\",\"description\":\"\",\"publisher\":{\"@id\":\"https:\/\/vst25mdwp.okuserveri.com\/#organization\"},\"potentialAction\":[{\"@type\":\"SearchAction\",\"target\":{\"@type\":\"EntryPoint\",\"urlTemplate\":\"https:\/\/vst25mdwp.okuserveri.com\/?s={search_term_string}\"},\"query-input\":{\"@type\":\"PropertyValueSpecification\",\"valueRequired\":true,\"valueName\":\"search_term_string\"}}],\"inLanguage\":\"fi\"},{\"@type\":\"Organization\",\"@id\":\"https:\/\/vst25mdwp.okuserveri.com\/#organization\",\"name\":\"Suklaatehdas\",\"url\":\"https:\/\/vst25mdwp.okuserveri.com\/\",\"logo\":{\"@type\":\"ImageObject\",\"inLanguage\":\"fi\",\"@id\":\"https:\/\/vst25mdwp.okuserveri.com\/#\/schema\/logo\/image\/\",\"url\":\"https:\/\/vst25mdwp.okuserveri.com\/wp-content\/uploads\/2025\/10\/cropped-suklaa-copy.png\",\"contentUrl\":\"https:\/\/vst25mdwp.okuserveri.com\/wp-content\/uploads\/2025\/10\/cropped-suklaa-copy.png\",\"width\":1889,\"height\":797,\"caption\":\"Suklaatehdas\"},\"image\":{\"@id\":\"https:\/\/vst25mdwp.okuserveri.com\/#\/schema\/logo\/image\/\"}}]}<\/script>\n<!-- \/ Yoast SEO plugin. -->","yoast_head_json":{"title":"Suklaatehdas - Suklaatehdas","robots":{"index":"index","follow":"follow","max-snippet":"max-snippet:-1","max-image-preview":"max-image-preview:large","max-video-preview":"max-video-preview:-1"},"canonical":"https:\/\/vst25mdwp.okuserveri.com\/","og_locale":"fi_FI","og_type":"article","og_title":"Suklaatehdas - Suklaatehdas","og_description":"https:\/\/vst25mdwp.okuserveri.com\/wp-content\/uploads\/2025\/10\/62051-502737598.mp4 Suklaa on makea herkku, jota valmistetaan kaakaopavuista. Se on suosittu ymp\u00e4ri maailmaa,sek\u00e4 makeisena ett\u00e4 leivonnassa. Suklaa on monelle arjen [&hellip;]","og_url":"https:\/\/vst25mdwp.okuserveri.com\/","og_site_name":"Suklaatehdas","article_modified_time":"2025-10-10T09:42:30+00:00","twitter_card":"summary_large_image","twitter_misc":{"Arvioitu lukuaika":"2 minuuttia"},"schema":{"@context":"https:\/\/schema.org","@graph":[{"@type":"WebPage","@id":"https:\/\/vst25mdwp.okuserveri.com\/","url":"https:\/\/vst25mdwp.okuserveri.com\/","name":"Suklaatehdas - Suklaatehdas","isPartOf":{"@id":"https:\/\/vst25mdwp.okuserveri.com\/#website"},"datePublished":"2025-10-10T07:33:44+00:00","dateModified":"2025-10-10T09:42:30+00:00","breadcrumb":{"@id":"https:\/\/vst25mdwp.okuserveri.com\/#breadcrumb"},"inLanguage":"fi","potentialAction":[{"@type":"ReadAction","target":["https:\/\/vst25mdwp.okuserveri.com\/"]}]},{"@type":"BreadcrumbList","@id":"https:\/\/vst25mdwp.okuserveri.com\/#breadcrumb","itemListElement":[{"@type":"ListItem","position":1,"name":"Etusivu","item":"https:\/\/vst25mdwp.okuserveri.com\/"},{"@type":"ListItem","position":2,"name":"Suklaatehdas"}]},{"@type":"WebSite","@id":"https:\/\/vst25mdwp.okuserveri.com\/#website","url":"https:\/\/vst25mdwp.okuserveri.com\/","name":"Suklaatehdas","description":"","publisher":{"@id":"https:\/\/vst25mdwp.okuserveri.com\/#organization"},"potentialAction":[{"@type":"SearchAction","target":{"@type":"EntryPoint","urlTemplate":"https:\/\/vst25mdwp.okuserveri.com\/?s={search_term_string}"},"query-input":{"@type":"PropertyValueSpecification","valueRequired":true,"valueName":"search_term_string"}}],"inLanguage":"fi"},{"@type":"Organization","@id":"https:\/\/vst25mdwp.okuserveri.com\/#organization","name":"Suklaatehdas","url":"https:\/\/vst25mdwp.okuserveri.com\/","logo":{"@type":"ImageObject","inLanguage":"fi","@id":"https:\/\/vst25mdwp.okuserveri.com\/#\/schema\/logo\/image\/","url":"https:\/\/vst25mdwp.okuserveri.com\/wp-content\/uploads\/2025\/10\/cropped-suklaa-copy.png","contentUrl":"https:\/\/vst25mdwp.okuserveri.com\/wp-content\/uploads\/2025\/10\/cropped-suklaa-copy.png","width":1889,"height":797,"caption":"Suklaatehdas"},"image":{"@id":"https:\/\/vst25mdwp.okuserveri.com\/#\/schema\/logo\/image\/"}}]}},"_links":{"self":[{"href":"https:\/\/vst25mdwp.okuserveri.com\/index.php?rest_route=\/wp\/v2\/pages\/580","targetHints":{"allow":["GET"]}}],"collection":[{"href":"https:\/\/vst25mdwp.okuserveri.com\/index.php?rest_route=\/wp\/v2\/pages"}],"about":[{"href":"https:\/\/vst25mdwp.okuserveri.com\/index.php?rest_route=\/wp\/v2\/types\/page"}],"author":[{"embeddable":true,"href":"https:\/\/vst25mdwp.okuserveri.com\/index.php?rest_route=\/wp\/v2\/users\/1"}],"replies":[{"embeddable":true,"href":"https:\/\/vst25mdwp.okuserveri.com\/index.php?rest_route=%2Fwp%2Fv2%2Fcomments&post=580"}],"version-history":[{"count":5,"href":"https:\/\/vst25mdwp.okuserveri.com\/index.php?rest_route=\/wp\/v2\/pages\/580\/revisions"}],"predecessor-version":[{"id":623,"href":"https:\/\/vst25mdwp.okuserveri.com\/index.php?rest_route=\/wp\/v2\/pages\/580\/revisions\/623"}],"wp:attachment":[{"href":"https:\/\/vst25mdwp.okuserveri.com\/index.php?rest_route=%2Fwp%2Fv2%2Fmedia&parent=580"}],"curies":[{"name":"wp","href":"https:\/\/api.w.org\/{rel}","templated":true}]}}